{"id":478,"date":"2022-01-11T12:21:45","date_gmt":"2022-01-11T12:21:45","guid":{"rendered":"http:\/\/implement.cd\/?page_id=478"},"modified":"2022-01-19T10:44:43","modified_gmt":"2022-01-19T10:44:43","slug":"clients","status":"publish","type":"page","link":"https:\/\/implement.cd\/?page_id=478","title":{"rendered":"Blog"},"content":{"rendered":"\t\t<div data-elementor-type=\"wp-page\" data-elementor-id=\"478\" class=\"elementor elementor-478\" data-elementor-settings=\"[]\">\n\t\t\t\t\t\t\t<div class=\"elementor-section-wrap\">\n\t\t\t\t\t\t\t<section class=\"elementor-section elementor-top-section elementor-element elementor-element-0df1262 elementor-section-boxed elementor-section-height-default elementor-section-height-default\" data-id=\"0df1262\" data-element_type=\"section\">\n\t\t\t\t\t\t<div class=\"elementor-container elementor-column-gap-default\">\n\t\t\t\t\t<div class=\"elementor-column elementor-col-100 elementor-top-column elementor-element elementor-element-eceeec2\" data-id=\"eceeec2\" data-element_type=\"column\">\n\t\t\t<div class=\"elementor-widget-wrap\">\n\t\t\t\t\t\t\t\t\t<\/div>\n\t\t<\/div>\n\t\t\t\t\t\t\t<\/div>\n\t\t<\/section>\n\t\t\t\t<section class=\"elementor-section elementor-top-section elementor-element elementor-element-cbf5f11 elementor-section-stretched elementor-section-boxed elementor-section-height-default elementor-section-height-default\" data-id=\"cbf5f11\" data-element_type=\"section\" data-settings=\"{&quot;stretch_section&quot;:&quot;section-stretched&quot;,&quot;background_background&quot;:&quot;slideshow&quot;,&quot;background_slideshow_gallery&quot;:[{&quot;id&quot;:415,&quot;url&quot;:&quot;http:\\\/\\\/implement.cd\\\/wp-content\\\/uploads\\\/2022\\\/01\\\/cropped-group-of-people-sitting-near-table-11814031.jpg&quot;}],&quot;background_slideshow_loop&quot;:&quot;yes&quot;,&quot;background_slideshow_slide_duration&quot;:5000,&quot;background_slideshow_slide_transition&quot;:&quot;fade&quot;,&quot;background_slideshow_transition_duration&quot;:500}\">\n\t\t\t\t\t\t<div class=\"elementor-container elementor-column-gap-default\">\n\t\t\t\t\t<div class=\"elementor-column elementor-col-100 elementor-top-column elementor-element elementor-element-58b3afd\" data-id=\"58b3afd\" data-element_type=\"column\">\n\t\t\t<div class=\"elementor-widget-wrap\">\n\t\t\t\t\t\t\t\t\t<\/div>\n\t\t<\/div>\n\t\t\t\t\t\t\t<\/div>\n\t\t<\/section>\n\t\t\t\t<section class=\"elementor-section elementor-top-section elementor-element elementor-element-abdd8df elementor-section-boxed elementor-section-height-default elementor-section-height-default\" data-id=\"abdd8df\" data-element_type=\"section\">\n\t\t\t\t\t\t<div class=\"elementor-container elementor-column-gap-default\">\n\t\t\t\t\t<div class=\"elementor-column elementor-col-100 elementor-top-column elementor-element elementor-element-42920be\" data-id=\"42920be\" data-element_type=\"column\">\n\t\t\t<div class=\"elementor-widget-wrap elementor-element-populated\">\n\t\t\t\t\t\t\t\t<div class=\"elementor-element elementor-element-6c863d7 elementor-widget elementor-widget-text-editor\" data-id=\"6c863d7\" data-element_type=\"widget\" data-widget_type=\"text-editor.default\">\n\t\t\t\t<div class=\"elementor-widget-container\">\n\t\t\t<style>\/*! elementor - v3.5.3 - 28-12-2021 *\/\n.elementor-widget-text-editor.elementor-drop-cap-view-stacked .elementor-drop-cap{background-color:#818a91;color:#fff}.elementor-widget-text-editor.elementor-drop-cap-view-framed .elementor-drop-cap{color:#818a91;border:3px solid;background-color:transparent}.elementor-widget-text-editor:not(.elementor-drop-cap-view-default) .elementor-drop-cap{margin-top:8px}.elementor-widget-text-editor:not(.elementor-drop-cap-view-default) .elementor-drop-cap-letter{width:1em;height:1em}.elementor-widget-text-editor .elementor-drop-cap{float:left;text-align:center;line-height:1;font-size:50px}.elementor-widget-text-editor .elementor-drop-cap-letter{display:inline-block}<\/style>\t\t\t\t<h2><strong><span style=\"color: #003366;\">Blog<\/span><\/strong><\/h2>\t\t\t\t\t\t<\/div>\n\t\t\t\t<\/div>\n\t\t\t\t\t<\/div>\n\t\t<\/div>\n\t\t\t\t\t\t\t<\/div>\n\t\t<\/section>\n\t\t\t\t<section class=\"elementor-section elementor-top-section elementor-element elementor-element-0be75b6 elementor-section-stretched elementor-section-boxed elementor-section-height-default elementor-section-height-default\" data-id=\"0be75b6\" data-element_type=\"section\" data-settings=\"{&quot;stretch_section&quot;:&quot;section-stretched&quot;,&quot;background_background&quot;:&quot;classic&quot;}\">\n\t\t\t\t\t\t<div class=\"elementor-container elementor-column-gap-default\">\n\t\t\t\t\t<div class=\"elementor-column elementor-col-100 elementor-top-column elementor-element elementor-element-311146e\" data-id=\"311146e\" data-element_type=\"column\">\n\t\t\t<div class=\"elementor-widget-wrap elementor-element-populated\">\n\t\t\t\t\t\t\t\t<div class=\"elementor-element elementor-element-a608296 elementor-widget elementor-widget-text-editor\" data-id=\"a608296\" data-element_type=\"widget\" data-widget_type=\"text-editor.default\">\n\t\t\t\t<div class=\"elementor-widget-container\">\n\t\t\t\t\t\t\t<p style=\"text-align: center;\">Notre \u00e9quipe est compos\u00e9 d\u2019experts dynamiques qui vous accompagnerons de la constitution \u00e0 croissance de vos activit\u00e9s.<\/p>\t\t\t\t\t\t<\/div>\n\t\t\t\t<\/div>\n\t\t\t\t\t<\/div>\n\t\t<\/div>\n\t\t\t\t\t\t\t<\/div>\n\t\t<\/section>\n\t\t\t\t<section class=\"elementor-section elementor-top-section elementor-element elementor-element-95bd697 elementor-section-boxed elementor-section-height-default elementor-section-height-default\" data-id=\"95bd697\" data-element_type=\"section\">\n\t\t\t\t\t\t<div class=\"elementor-container elementor-column-gap-default\">\n\t\t\t\t\t<div class=\"elementor-column elementor-col-33 elementor-top-column elementor-element elementor-element-a5375fe\" data-id=\"a5375fe\" data-element_type=\"column\">\n\t\t\t<div class=\"elementor-widget-wrap elementor-element-populated\">\n\t\t\t\t\t\t\t\t<div class=\"elementor-element elementor-element-1e2435e animated-slow elementor-invisible elementor-widget elementor-widget-image\" data-id=\"1e2435e\" data-element_type=\"widget\" data-settings=\"{&quot;_animation&quot;:&quot;fadeInLeft&quot;}\" data-widget_type=\"image.default\">\n\t\t\t\t<div class=\"elementor-widget-container\">\n\t\t\t<style>\/*! elementor - v3.5.3 - 28-12-2021 *\/\n.elementor-widget-image{text-align:center}.elementor-widget-image a{display:inline-block}.elementor-widget-image a img[src$=\".svg\"]{width:48px}.elementor-widget-image img{vertical-align:middle;display:inline-block}<\/style>\t\t\t\t\t\t\t\t\t\t\t\t<img width=\"1280\" height=\"1917\" src=\"https:\/\/implement.cd\/wp-content\/uploads\/2022\/01\/man-wearing-black-notched-lapel-blazer-29553751.jpg\" class=\"attachment-full size-full\" alt=\"\" loading=\"lazy\" srcset=\"https:\/\/implement.cd\/wp-content\/uploads\/2022\/01\/man-wearing-black-notched-lapel-blazer-29553751.jpg 1280w, https:\/\/implement.cd\/wp-content\/uploads\/2022\/01\/man-wearing-black-notched-lapel-blazer-29553751-200x300.jpg 200w, https:\/\/implement.cd\/wp-content\/uploads\/2022\/01\/man-wearing-black-notched-lapel-blazer-29553751-684x1024.jpg 684w, https:\/\/implement.cd\/wp-content\/uploads\/2022\/01\/man-wearing-black-notched-lapel-blazer-29553751-768x1150.jpg 768w, https:\/\/implement.cd\/wp-content\/uploads\/2022\/01\/man-wearing-black-notched-lapel-blazer-29553751-1026x1536.jpg 1026w\" sizes=\"(max-width: 1280px) 100vw, 1280px\" \/>\t\t\t\t\t\t\t\t\t\t\t\t\t\t\t<\/div>\n\t\t\t\t<\/div>\n\t\t\t\t\t<\/div>\n\t\t<\/div>\n\t\t\t\t<div class=\"elementor-column elementor-col-33 elementor-top-column elementor-element elementor-element-d17e5dc\" data-id=\"d17e5dc\" data-element_type=\"column\">\n\t\t\t<div class=\"elementor-widget-wrap elementor-element-populated\">\n\t\t\t\t\t\t\t\t<div class=\"elementor-element elementor-element-897f3c1 animated-slow elementor-invisible elementor-widget elementor-widget-image\" data-id=\"897f3c1\" data-element_type=\"widget\" data-settings=\"{&quot;_animation&quot;:&quot;fadeInLeft&quot;}\" data-widget_type=\"image.default\">\n\t\t\t\t<div class=\"elementor-widget-container\">\n\t\t\t\t\t\t\t\t\t\t\t\t\t\t\t<img width=\"1024\" height=\"682\" src=\"https:\/\/implement.cd\/wp-content\/uploads\/2022\/01\/woman-wearing-gray-notch-lapel-suit-jacket-23810691-1024x682.jpg\" class=\"attachment-large size-large\" alt=\"\" loading=\"lazy\" srcset=\"https:\/\/implement.cd\/wp-content\/uploads\/2022\/01\/woman-wearing-gray-notch-lapel-suit-jacket-23810691-1024x682.jpg 1024w, https:\/\/implement.cd\/wp-content\/uploads\/2022\/01\/woman-wearing-gray-notch-lapel-suit-jacket-23810691-300x200.jpg 300w, https:\/\/implement.cd\/wp-content\/uploads\/2022\/01\/woman-wearing-gray-notch-lapel-suit-jacket-23810691-768x512.jpg 768w, https:\/\/implement.cd\/wp-content\/uploads\/2022\/01\/woman-wearing-gray-notch-lapel-suit-jacket-23810691.jpg 1280w\" sizes=\"(max-width: 1024px) 100vw, 1024px\" \/>\t\t\t\t\t\t\t\t\t\t\t\t\t\t\t<\/div>\n\t\t\t\t<\/div>\n\t\t\t\t<div class=\"elementor-element elementor-element-999e240 animated-slow elementor-invisible elementor-widget elementor-widget-image\" data-id=\"999e240\" data-element_type=\"widget\" data-settings=\"{&quot;_animation&quot;:&quot;fadeInLeft&quot;}\" data-widget_type=\"image.default\">\n\t\t\t\t<div class=\"elementor-widget-container\">\n\t\t\t\t\t\t\t\t\t\t\t\t\t\t\t<img width=\"1024\" height=\"683\" src=\"https:\/\/implement.cd\/wp-content\/uploads\/2022\/01\/woman-in-gray-formal-coat-sitting-near-black-full-glass-11815621-1024x683.jpg\" class=\"attachment-large size-large\" alt=\"\" loading=\"lazy\" srcset=\"https:\/\/implement.cd\/wp-content\/uploads\/2022\/01\/woman-in-gray-formal-coat-sitting-near-black-full-glass-11815621-1024x683.jpg 1024w, https:\/\/implement.cd\/wp-content\/uploads\/2022\/01\/woman-in-gray-formal-coat-sitting-near-black-full-glass-11815621-300x200.jpg 300w, https:\/\/implement.cd\/wp-content\/uploads\/2022\/01\/woman-in-gray-formal-coat-sitting-near-black-full-glass-11815621-768x512.jpg 768w, https:\/\/implement.cd\/wp-content\/uploads\/2022\/01\/woman-in-gray-formal-coat-sitting-near-black-full-glass-11815621.jpg 1280w\" sizes=\"(max-width: 1024px) 100vw, 1024px\" \/>\t\t\t\t\t\t\t\t\t\t\t\t\t\t\t<\/div>\n\t\t\t\t<\/div>\n\t\t\t\t\t<\/div>\n\t\t<\/div>\n\t\t\t\t<div class=\"elementor-column elementor-col-33 elementor-top-column elementor-element elementor-element-f035bdb\" data-id=\"f035bdb\" data-element_type=\"column\" data-settings=\"{&quot;background_background&quot;:&quot;classic&quot;}\">\n\t\t\t<div class=\"elementor-widget-wrap elementor-element-populated\">\n\t\t\t\t\t\t\t\t<div class=\"elementor-element elementor-element-c623a1c elementor-widget elementor-widget-text-editor\" data-id=\"c623a1c\" data-element_type=\"widget\" data-widget_type=\"text-editor.default\">\n\t\t\t\t<div class=\"elementor-widget-container\">\n\t\t\t\t\t\t\t<h3 style=\"text-align: center;\"><span style=\"color: #003366;\">Des Agents qualifi\u00e9s a votre disposition\u00a0<\/span><\/h3>\t\t\t\t\t\t<\/div>\n\t\t\t\t<\/div>\n\t\t\t\t\t<\/div>\n\t\t<\/div>\n\t\t\t\t\t\t\t<\/div>\n\t\t<\/section>\n\t\t\t\t<section class=\"elementor-section elementor-top-section elementor-element elementor-element-9bd3129 elementor-section-boxed elementor-section-height-default elementor-section-height-default\" data-id=\"9bd3129\" data-element_type=\"section\">\n\t\t\t\t\t\t<div class=\"elementor-container elementor-column-gap-default\">\n\t\t\t\t\t<div class=\"elementor-column elementor-col-100 elementor-top-column elementor-element elementor-element-a75ccf0\" data-id=\"a75ccf0\" data-element_type=\"column\">\n\t\t\t<div class=\"elementor-widget-wrap\">\n\t\t\t\t\t\t\t\t\t<\/div>\n\t\t<\/div>\n\t\t\t\t\t\t\t<\/div>\n\t\t<\/section>\n\t\t\t\t\t\t<\/div>\n\t\t\t\t\t<\/div>\n\t\t","protected":false},"excerpt":{"rendered":"<p>Blog Notre \u00e9quipe est compos\u00e9 d\u2019experts dynamiques qui vous accompagnerons de la constitution \u00e0 croissance de vos activit\u00e9s. Des Agents qualifi\u00e9s a votre disposition\u00a0<\/p>\n","protected":false},"author":1,"featured_media":0,"parent":0,"menu_order":0,"comment_status":"closed","ping_status":"closed","template":"","meta":{"om_disable_all_campaigns":false,"_monsterinsights_skip_tracking":false,"_monsterinsights_sitenote_active":false,"_monsterinsights_sitenote_note":"","_monsterinsights_sitenote_category":0,"neve_meta_sidebar":"","neve_meta_container":"","neve_meta_enable_content_width":"","neve_meta_content_width":0,"neve_meta_title_alignment":"","neve_meta_author_avatar":"","neve_post_elements_order":"","neve_meta_disable_header":"","neve_meta_disable_footer":"","neve_meta_disable_title":""},"_links":{"self":[{"href":"https:\/\/implement.cd\/index.php?rest_route=\/wp\/v2\/pages\/478"}],"collection":[{"href":"https:\/\/implement.cd\/index.php?rest_route=\/wp\/v2\/pages"}],"about":[{"href":"https:\/\/implement.cd\/index.php?rest_route=\/wp\/v2\/types\/page"}],"author":[{"embeddable":true,"href":"https:\/\/implement.cd\/index.php?rest_route=\/wp\/v2\/users\/1"}],"replies":[{"embeddable":true,"href":"https:\/\/implement.cd\/index.php?rest_route=%2Fwp%2Fv2%2Fcomments&post=478"}],"version-history":[{"count":24,"href":"https:\/\/implement.cd\/index.php?rest_route=\/wp\/v2\/pages\/478\/revisions"}],"predecessor-version":[{"id":967,"href":"https:\/\/implement.cd\/index.php?rest_route=\/wp\/v2\/pages\/478\/revisions\/967"}],"wp:attachment":[{"href":"https:\/\/implement.cd\/index.php?rest_route=%2Fwp%2Fv2%2Fmedia&parent=478"}],"curies":[{"name":"wp","href":"https:\/\/api.w.org\/{rel}","templated":true}]}}