{"id":504,"date":"2022-01-11T13:19:51","date_gmt":"2022-01-11T13:19:51","guid":{"rendered":"http:\/\/implement.cd\/?page_id=504"},"modified":"2022-01-13T15:37:36","modified_gmt":"2022-01-13T15:37:36","slug":"capacites","status":"publish","type":"page","link":"https:\/\/implement.cd\/?page_id=504","title":{"rendered":"Capacit\u00e9s"},"content":{"rendered":"\t\t<div data-elementor-type=\"wp-page\" data-elementor-id=\"504\" class=\"elementor elementor-504\" data-elementor-settings=\"[]\">\n\t\t\t\t\t\t\t<div class=\"elementor-section-wrap\">\n\t\t\t\t\t\t\t<section class=\"elementor-section elementor-top-section elementor-element elementor-element-896a6d5 elementor-section-boxed elementor-section-height-default elementor-section-height-default\" data-id=\"896a6d5\" data-element_type=\"section\">\n\t\t\t\t\t\t<div class=\"elementor-container elementor-column-gap-default\">\n\t\t\t\t\t<div class=\"elementor-column elementor-col-100 elementor-top-column elementor-element elementor-element-5d1ae37\" data-id=\"5d1ae37\" data-element_type=\"column\">\n\t\t\t<div class=\"elementor-widget-wrap\">\n\t\t\t\t\t\t\t\t\t<\/div>\n\t\t<\/div>\n\t\t\t\t\t\t\t<\/div>\n\t\t<\/section>\n\t\t\t\t<section class=\"elementor-section elementor-top-section elementor-element elementor-element-0a65853 elementor-section-stretched elementor-section-boxed elementor-section-height-default elementor-section-height-default\" data-id=\"0a65853\" data-element_type=\"section\" data-settings=\"{&quot;stretch_section&quot;:&quot;section-stretched&quot;,&quot;background_background&quot;:&quot;slideshow&quot;,&quot;background_slideshow_gallery&quot;:[{&quot;id&quot;:443,&quot;url&quot;:&quot;http:\\\/\\\/implement.cd\\\/wp-content\\\/uploads\\\/2022\\\/01\\\/PeopleImages.com-2026425-zoom.jpg&quot;}],&quot;background_slideshow_loop&quot;:&quot;yes&quot;,&quot;background_slideshow_slide_duration&quot;:5000,&quot;background_slideshow_slide_transition&quot;:&quot;fade&quot;,&quot;background_slideshow_transition_duration&quot;:500}\">\n\t\t\t\t\t\t<div class=\"elementor-container elementor-column-gap-default\">\n\t\t\t\t\t<div class=\"elementor-column elementor-col-100 elementor-top-column elementor-element elementor-element-37dbf3d\" data-id=\"37dbf3d\" data-element_type=\"column\">\n\t\t\t<div class=\"elementor-widget-wrap\">\n\t\t\t\t\t\t\t\t\t<\/div>\n\t\t<\/div>\n\t\t\t\t\t\t\t<\/div>\n\t\t<\/section>\n\t\t\t\t<section class=\"elementor-section elementor-top-section elementor-element elementor-element-0c47a61 elementor-section-boxed elementor-section-height-default elementor-section-height-default\" data-id=\"0c47a61\" data-element_type=\"section\">\n\t\t\t\t\t\t<div class=\"elementor-container elementor-column-gap-default\">\n\t\t\t\t\t<div class=\"elementor-column elementor-col-100 elementor-top-column elementor-element elementor-element-31ebea4\" data-id=\"31ebea4\" data-element_type=\"column\">\n\t\t\t<div class=\"elementor-widget-wrap elementor-element-populated\">\n\t\t\t\t\t\t\t\t<div class=\"elementor-element elementor-element-e77351a elementor-widget elementor-widget-text-editor\" data-id=\"e77351a\" data-element_type=\"widget\" data-widget_type=\"text-editor.default\">\n\t\t\t\t<div class=\"elementor-widget-container\">\n\t\t\t<style>\/*! elementor - v3.5.3 - 28-12-2021 *\/\n.elementor-widget-text-editor.elementor-drop-cap-view-stacked .elementor-drop-cap{background-color:#818a91;color:#fff}.elementor-widget-text-editor.elementor-drop-cap-view-framed .elementor-drop-cap{color:#818a91;border:3px solid;background-color:transparent}.elementor-widget-text-editor:not(.elementor-drop-cap-view-default) .elementor-drop-cap{margin-top:8px}.elementor-widget-text-editor:not(.elementor-drop-cap-view-default) .elementor-drop-cap-letter{width:1em;height:1em}.elementor-widget-text-editor .elementor-drop-cap{float:left;text-align:center;line-height:1;font-size:50px}.elementor-widget-text-editor .elementor-drop-cap-letter{display:inline-block}<\/style>\t\t\t\t<h1><span style=\"color: #003366;\">Capacit\u00e9s<\/span><\/h1>\t\t\t\t\t\t<\/div>\n\t\t\t\t<\/div>\n\t\t\t\t\t<\/div>\n\t\t<\/div>\n\t\t\t\t\t\t\t<\/div>\n\t\t<\/section>\n\t\t\t\t<section class=\"elementor-section elementor-top-section elementor-element elementor-element-e1d90e0 elementor-section-boxed elementor-section-height-default elementor-section-height-default\" data-id=\"e1d90e0\" data-element_type=\"section\">\n\t\t\t\t\t\t<div class=\"elementor-container elementor-column-gap-default\">\n\t\t\t\t\t<div class=\"elementor-column elementor-col-100 elementor-top-column elementor-element elementor-element-b9fe017\" data-id=\"b9fe017\" data-element_type=\"column\">\n\t\t\t<div class=\"elementor-widget-wrap elementor-element-populated\">\n\t\t\t\t\t\t\t\t<div class=\"elementor-element elementor-element-a7d62f8 elementor-widget elementor-widget-text-editor\" data-id=\"a7d62f8\" data-element_type=\"widget\" data-widget_type=\"text-editor.default\">\n\t\t\t\t<div class=\"elementor-widget-container\">\n\t\t\t\t\t\t\t<p>Les champs d\u2019action de nos services large et notre capacit\u00e9 d\u2019adaptation, sans limite. Avec nous vous avez la possibilit\u00e9 comme jamais auparavant de na\u00eetre, croitre, conqu\u00e9rir et p\u00e9renniser vos acquis d\u2019ann\u00e9es en ann\u00e9es en haut qu\u2019entreprises, famille fortun\u00e9e, Organisation non gouvernementale du commer\u00e7ants.<\/p><p>Entreprendre en R.D.Congo n\u2019aura jamais \u00e9t\u00e9 aussi clair, ni m\u00eame aussi compl\u00e8te qu\u2019avec notre accompagnement.<\/p>\t\t\t\t\t\t<\/div>\n\t\t\t\t<\/div>\n\t\t\t\t\t<\/div>\n\t\t<\/div>\n\t\t\t\t\t\t\t<\/div>\n\t\t<\/section>\n\t\t\t\t<section class=\"elementor-section elementor-top-section elementor-element elementor-element-24b8d27 elementor-section-boxed elementor-section-height-default elementor-section-height-default\" data-id=\"24b8d27\" data-element_type=\"section\">\n\t\t\t\t\t\t<div class=\"elementor-container elementor-column-gap-default\">\n\t\t\t\t\t<div class=\"elementor-column elementor-col-50 elementor-top-column elementor-element elementor-element-2e63bf5\" data-id=\"2e63bf5\" data-element_type=\"column\">\n\t\t\t<div class=\"elementor-widget-wrap elementor-element-populated\">\n\t\t\t\t\t\t\t\t<div class=\"elementor-element elementor-element-4aa787b elementor-widget elementor-widget-image\" data-id=\"4aa787b\" data-element_type=\"widget\" data-widget_type=\"image.default\">\n\t\t\t\t<div class=\"elementor-widget-container\">\n\t\t\t<style>\/*! elementor - v3.5.3 - 28-12-2021 *\/\n.elementor-widget-image{text-align:center}.elementor-widget-image a{display:inline-block}.elementor-widget-image a img[src$=\".svg\"]{width:48px}.elementor-widget-image img{vertical-align:middle;display:inline-block}<\/style>\t\t\t\t\t\t\t\t\t\t\t\t<img width=\"1024\" height=\"683\" src=\"https:\/\/implement.cd\/wp-content\/uploads\/2022\/01\/woman-wearing-blue-top-beside-table-1181712-1024x683.jpg\" class=\"attachment-large size-large\" alt=\"\" loading=\"lazy\" srcset=\"https:\/\/implement.cd\/wp-content\/uploads\/2022\/01\/woman-wearing-blue-top-beside-table-1181712-1024x683.jpg 1024w, https:\/\/implement.cd\/wp-content\/uploads\/2022\/01\/woman-wearing-blue-top-beside-table-1181712-300x200.jpg 300w, https:\/\/implement.cd\/wp-content\/uploads\/2022\/01\/woman-wearing-blue-top-beside-table-1181712-768x512.jpg 768w, https:\/\/implement.cd\/wp-content\/uploads\/2022\/01\/woman-wearing-blue-top-beside-table-1181712-1536x1024.jpg 1536w, https:\/\/implement.cd\/wp-content\/uploads\/2022\/01\/woman-wearing-blue-top-beside-table-1181712-2048x1365.jpg 2048w\" sizes=\"(max-width: 1024px) 100vw, 1024px\" \/>\t\t\t\t\t\t\t\t\t\t\t\t\t\t\t<\/div>\n\t\t\t\t<\/div>\n\t\t\t\t\t<\/div>\n\t\t<\/div>\n\t\t\t\t<div class=\"elementor-column elementor-col-50 elementor-top-column elementor-element elementor-element-cb3d078\" data-id=\"cb3d078\" data-element_type=\"column\">\n\t\t\t<div class=\"elementor-widget-wrap elementor-element-populated\">\n\t\t\t\t\t\t\t\t<div class=\"elementor-element elementor-element-7f1ada7 elementor-widget elementor-widget-image\" data-id=\"7f1ada7\" data-element_type=\"widget\" data-widget_type=\"image.default\">\n\t\t\t\t<div class=\"elementor-widget-container\">\n\t\t\t\t\t\t\t\t\t\t\t\t\t\t\t<img src=\"https:\/\/implement.cd\/wp-content\/uploads\/2022\/01\/architect-composition-data-demonstration-3136911.jpg\" title=\"architect-composition-data-demonstration-313691(1)\" alt=\"architect-composition-data-demonstration-313691(1)\" \/>\t\t\t\t\t\t\t\t\t\t\t\t\t\t\t<\/div>\n\t\t\t\t<\/div>\n\t\t\t\t\t<\/div>\n\t\t<\/div>\n\t\t\t\t\t\t\t<\/div>\n\t\t<\/section>\n\t\t\t\t\t\t<\/div>\n\t\t\t\t\t<\/div>\n\t\t","protected":false},"excerpt":{"rendered":"<p>Capacit\u00e9s Les champs d\u2019action de nos services large et notre capacit\u00e9 d\u2019adaptation, sans limite. Avec nous vous avez la possibilit\u00e9 comme jamais auparavant de na\u00eetre, croitre, conqu\u00e9rir et p\u00e9renniser vos acquis d\u2019ann\u00e9es en ann\u00e9es en haut qu\u2019entreprises, famille fortun\u00e9e, Organisation non gouvernementale du commer\u00e7ants. Entreprendre en R.D.Congo n\u2019aura jamais \u00e9t\u00e9 aussi clair, ni m\u00eame aussi&hellip;&nbsp;<a href=\"https:\/\/implement.cd\/?page_id=504\" class=\"\" rel=\"bookmark\">Lire la suite &raquo;<span class=\"screen-reader-text\">Capacit\u00e9s<\/span><\/a><\/p>\n","protected":false},"author":1,"featured_media":0,"parent":0,"menu_order":0,"comment_status":"closed","ping_status":"closed","template":"","meta":{"om_disable_all_campaigns":false,"_monsterinsights_skip_tracking":false,"_monsterinsights_sitenote_active":false,"_monsterinsights_sitenote_note":"","_monsterinsights_sitenote_category":0,"neve_meta_sidebar":"","neve_meta_container":"","neve_meta_enable_content_width":"","neve_meta_content_width":0,"neve_meta_title_alignment":"","neve_meta_author_avatar":"","neve_post_elements_order":"","neve_meta_disable_header":"","neve_meta_disable_footer":"","neve_meta_disable_title":""},"_links":{"self":[{"href":"https:\/\/implement.cd\/index.php?rest_route=\/wp\/v2\/pages\/504"}],"collection":[{"href":"https:\/\/implement.cd\/index.php?rest_route=\/wp\/v2\/pages"}],"about":[{"href":"https:\/\/implement.cd\/index.php?rest_route=\/wp\/v2\/types\/page"}],"author":[{"embeddable":true,"href":"https:\/\/implement.cd\/index.php?rest_route=\/wp\/v2\/users\/1"}],"replies":[{"embeddable":true,"href":"https:\/\/implement.cd\/index.php?rest_route=%2Fwp%2Fv2%2Fcomments&post=504"}],"version-history":[{"count":19,"href":"https:\/\/implement.cd\/index.php?rest_route=\/wp\/v2\/pages\/504\/revisions"}],"predecessor-version":[{"id":734,"href":"https:\/\/implement.cd\/index.php?rest_route=\/wp\/v2\/pages\/504\/revisions\/734"}],"wp:attachment":[{"href":"https:\/\/implement.cd\/index.php?rest_route=%2Fwp%2Fv2%2Fmedia&parent=504"}],"curies":[{"name":"wp","href":"https:\/\/api.w.org\/{rel}","templated":true}]}}